{"id":64,"date":"2013-02-25T10:55:34","date_gmt":"2013-02-25T09:55:34","guid":{"rendered":"https:\/\/finedata.cz\/?page_id=64"},"modified":"2018-11-13T11:49:45","modified_gmt":"2018-11-13T10:49:45","slug":"certifikace-kompetence","status":"publish","type":"page","link":"https:\/\/www.finedata.cz\/?page_id=64","title":{"rendered":"Certifikace"},"content":{"rendered":"<div class=\"cert\"><a href=\"https:\/\/finedata.cz\/technicka-certifikace-eset-2017\/certifikaceesettechnicka2017\/\" rel=\"attachment wp-att-631\"><img loading=\"lazy\" decoding=\"async\" class=\"alignnone size-medium wp-image-631\" src=\"http:\/\/finedata.cz\/wp-content\/uploads\/2017\/12\/CertifikaceEsetTechnicka2017-300x213.jpg\" alt=\"\" width=\"300\" height=\"213\" srcset=\"https:\/\/finedata.cz\/wp-content\/uploads\/2017\/12\/CertifikaceEsetTechnicka2017-300x213.jpg 300w, https:\/\/finedata.cz\/wp-content\/uploads\/2017\/12\/CertifikaceEsetTechnicka2017-768x544.jpg 768w, https:\/\/finedata.cz\/wp-content\/uploads\/2017\/12\/CertifikaceEsetTechnicka2017-423x300.jpg 423w, https:\/\/finedata.cz\/wp-content\/uploads\/2017\/12\/CertifikaceEsetTechnicka2017.jpg 965w\" sizes=\"auto, (max-width: 300px) 100vw, 300px\" \/><\/a><\/div>\n<div class=\"cert\"><a href=\"http:\/\/finedata.cz\/wp-content\/uploads\/2018\/11\/HPPartner2018.png\"><img loading=\"lazy\" decoding=\"async\" class=\"size-medium wp-image-288 alignnone\" src=\"http:\/\/finedata.cz\/wp-content\/uploads\/2018\/11\/HPPartner2018-300x225.png\" alt=\"HP_Business_Partner_2018\" width=\"300\" height=\"225\" \/><\/a><\/div>\n<div class=\"cert\"><a href=\"http:\/\/finedata.cz\/wp-content\/uploads\/2013\/02\/AltaroCert.jpg\"><img loading=\"lazy\" decoding=\"async\" class=\"size-medium wp-image-159 alignleft\" src=\"http:\/\/finedata.cz\/wp-content\/uploads\/2013\/02\/AltaroCert-300x211.jpg\" alt=\"AltaroCert\" width=\"300\" height=\"211\" srcset=\"https:\/\/finedata.cz\/wp-content\/uploads\/2013\/02\/AltaroCert-300x211.jpg 300w, https:\/\/finedata.cz\/wp-content\/uploads\/2013\/02\/AltaroCert-425x300.jpg 425w, https:\/\/finedata.cz\/wp-content\/uploads\/2013\/02\/AltaroCert.jpg 892w\" sizes=\"auto, (max-width: 300px) 100vw, 300px\" \/><\/a><\/div>\n<div class=\"cert\"><a href=\"http:\/\/finedata.cz\/wp-content\/uploads\/2013\/02\/MCP_MT_web.jpg\"><img loading=\"lazy\" decoding=\"async\" class=\"size-medium wp-image-82 alignleft\" src=\"http:\/\/finedata.cz\/wp-content\/uploads\/2013\/02\/MCP_MT_web-300x217.jpg\" alt=\"MCP_MT_web\" width=\"300\" height=\"217\" srcset=\"https:\/\/finedata.cz\/wp-content\/uploads\/2013\/02\/MCP_MT_web-300x217.jpg 300w, https:\/\/finedata.cz\/wp-content\/uploads\/2013\/02\/MCP_MT_web-414x300.jpg 414w, https:\/\/finedata.cz\/wp-content\/uploads\/2013\/02\/MCP_MT_web.jpg 1024w\" sizes=\"auto, (max-width: 300px) 100vw, 300px\" \/><\/a><\/div>\n<div class=\"cert\"><a href=\"http:\/\/finedata.cz\/wp-content\/uploads\/2016\/11\/EsetBronze16.png\"><img loading=\"lazy\" decoding=\"async\" class=\"size-medium wp-image-295 alignleft\" src=\"http:\/\/finedata.cz\/wp-content\/uploads\/2016\/11\/EsetBronze16-300x209.png\" alt=\"EsetBronzePartner2016\" width=\"300\" height=\"209\" \/><\/a><\/div>\n<div class=\"cert\"><a href=\"http:\/\/finedata.cz\/wp-content\/uploads\/2013\/02\/ESETcert2017.jpg\" rel=\"attachment wp-att-553\"><img loading=\"lazy\" decoding=\"async\" class=\"alignnone size-medium wp-image-553\" src=\"http:\/\/finedata.cz\/wp-content\/uploads\/2013\/02\/ESETcert2017-300x212.jpg\" alt=\"\" width=\"300\" height=\"212\" srcset=\"https:\/\/finedata.cz\/wp-content\/uploads\/2013\/02\/ESETcert2017-300x212.jpg 300w, https:\/\/finedata.cz\/wp-content\/uploads\/2013\/02\/ESETcert2017-768x542.jpg 768w, https:\/\/finedata.cz\/wp-content\/uploads\/2013\/02\/ESETcert2017-1024x723.jpg 1024w, https:\/\/finedata.cz\/wp-content\/uploads\/2013\/02\/ESETcert2017-425x300.jpg 425w, https:\/\/finedata.cz\/wp-content\/uploads\/2013\/02\/ESETcert2017.jpg 1293w\" sizes=\"auto, (max-width: 300px) 100vw, 300px\" \/><\/a><\/div>\n<div class=\"cert\"><a href=\"http:\/\/finedata.cz\/wp-content\/uploads\/2015\/07\/PS2015.png\"><img loading=\"lazy\" decoding=\"async\" class=\"size-medium wp-image-292 alignleft\" src=\"http:\/\/finedata.cz\/wp-content\/uploads\/2015\/07\/PS2015-211x300.png\" alt=\"PS2015\" width=\"211\" height=\"300\" srcset=\"https:\/\/finedata.cz\/wp-content\/uploads\/2015\/07\/PS2015-211x300.png 211w, https:\/\/finedata.cz\/wp-content\/uploads\/2015\/07\/PS2015-721x1024.png 721w, https:\/\/finedata.cz\/wp-content\/uploads\/2015\/07\/PS2015.png 752w\" sizes=\"auto, (max-width: 211px) 100vw, 211px\" \/><\/a><\/div>\n<div class=\"spacer\"><\/div>\n","protected":false},"excerpt":{"rendered":"","protected":false},"author":2,"featured_media":0,"parent":0,"menu_order":12,"comment_status":"open","ping_status":"closed","template":"","meta":{"footnotes":""},"class_list":["post-64","page","type-page","status-publish","hentry"],"yoast_head":"<!-- This site is optimized with the Yoast SEO plugin v27.4 - https:\/\/yoast.com\/product\/yoast-seo-wordpress\/ -->\n<title>Certifikace - FineData s.r.o.<\/title>\n<meta name=\"description\" content=\"Certifikace dosa\u017een\u00e9 na\u0161imi techniky.\" \/>\n<meta name=\"robots\" content=\"index, follow, max-snippet:-1, max-image-preview:large, max-video-preview:-1\" \/>\n<link rel=\"canonical\" href=\"https:\/\/www.finedata.cz\/?page_id=64\" \/>\n<meta property=\"og:locale\" content=\"en_US\" \/>\n<meta property=\"og:type\" content=\"article\" \/>\n<meta property=\"og:title\" content=\"Certifikace - FineData s.r.o.\" \/>\n<meta property=\"og:description\" content=\"Certifikace dosa\u017een\u00e9 na\u0161imi techniky.\" \/>\n<meta property=\"og:url\" content=\"https:\/\/www.finedata.cz\/?page_id=64\" \/>\n<meta property=\"og:site_name\" content=\"FineData s.r.o.\" \/>\n<meta property=\"article:modified_time\" content=\"2018-11-13T10:49:45+00:00\" \/>\n<meta property=\"og:image\" content=\"http:\/\/finedata.cz\/wp-content\/uploads\/2017\/12\/CertifikaceEsetTechnicka2017-300x213.jpg\" \/>\n<meta name=\"twitter:card\" content=\"summary_large_image\" \/>\n<script type=\"application\/ld+json\" class=\"yoast-schema-graph\">{\"@context\":\"https:\\\/\\\/schema.org\",\"@graph\":[{\"@type\":\"WebPage\",\"@id\":\"https:\\\/\\\/www.finedata.cz\\\/?page_id=64\",\"url\":\"https:\\\/\\\/www.finedata.cz\\\/?page_id=64\",\"name\":\"Certifikace - FineData s.r.o.\",\"isPartOf\":{\"@id\":\"https:\\\/\\\/www.finedata.cz\\\/#website\"},\"primaryImageOfPage\":{\"@id\":\"https:\\\/\\\/www.finedata.cz\\\/?page_id=64#primaryimage\"},\"image\":{\"@id\":\"https:\\\/\\\/www.finedata.cz\\\/?page_id=64#primaryimage\"},\"thumbnailUrl\":\"http:\\\/\\\/finedata.cz\\\/wp-content\\\/uploads\\\/2017\\\/12\\\/CertifikaceEsetTechnicka2017-300x213.jpg\",\"datePublished\":\"2013-02-25T09:55:34+00:00\",\"dateModified\":\"2018-11-13T10:49:45+00:00\",\"description\":\"Certifikace dosa\u017een\u00e9 na\u0161imi techniky.\",\"breadcrumb\":{\"@id\":\"https:\\\/\\\/www.finedata.cz\\\/?page_id=64#breadcrumb\"},\"inLanguage\":\"en-US\",\"potentialAction\":[{\"@type\":\"ReadAction\",\"target\":[\"https:\\\/\\\/www.finedata.cz\\\/?page_id=64\"]}]},{\"@type\":\"ImageObject\",\"inLanguage\":\"en-US\",\"@id\":\"https:\\\/\\\/www.finedata.cz\\\/?page_id=64#primaryimage\",\"url\":\"http:\\\/\\\/finedata.cz\\\/wp-content\\\/uploads\\\/2017\\\/12\\\/CertifikaceEsetTechnicka2017-300x213.jpg\",\"contentUrl\":\"http:\\\/\\\/finedata.cz\\\/wp-content\\\/uploads\\\/2017\\\/12\\\/CertifikaceEsetTechnicka2017-300x213.jpg\"},{\"@type\":\"BreadcrumbList\",\"@id\":\"https:\\\/\\\/www.finedata.cz\\\/?page_id=64#breadcrumb\",\"itemListElement\":[{\"@type\":\"ListItem\",\"position\":1,\"name\":\"Dom\u016f\",\"item\":\"https:\\\/\\\/www.finedata.cz\\\/\"},{\"@type\":\"ListItem\",\"position\":2,\"name\":\"Certifikace\"}]},{\"@type\":\"WebSite\",\"@id\":\"https:\\\/\\\/www.finedata.cz\\\/#website\",\"url\":\"https:\\\/\\\/www.finedata.cz\\\/\",\"name\":\"FineData s.r.o.\",\"description\":\"spr\u00e1va s\u00edt\u00ed, konzultace v IT, prodej HW a SW\",\"potentialAction\":[{\"@type\":\"SearchAction\",\"target\":{\"@type\":\"EntryPoint\",\"urlTemplate\":\"https:\\\/\\\/www.finedata.cz\\\/?s={search_term_string}\"},\"query-input\":{\"@type\":\"PropertyValueSpecification\",\"valueRequired\":true,\"valueName\":\"search_term_string\"}}],\"inLanguage\":\"en-US\"}]}<\/script>\n<!-- \/ Yoast SEO plugin. -->","yoast_head_json":{"title":"Certifikace - FineData s.r.o.","description":"Certifikace dosa\u017een\u00e9 na\u0161imi techniky.","robots":{"index":"index","follow":"follow","max-snippet":"max-snippet:-1","max-image-preview":"max-image-preview:large","max-video-preview":"max-video-preview:-1"},"canonical":"https:\/\/www.finedata.cz\/?page_id=64","og_locale":"en_US","og_type":"article","og_title":"Certifikace - FineData s.r.o.","og_description":"Certifikace dosa\u017een\u00e9 na\u0161imi techniky.","og_url":"https:\/\/www.finedata.cz\/?page_id=64","og_site_name":"FineData s.r.o.","article_modified_time":"2018-11-13T10:49:45+00:00","og_image":[{"url":"http:\/\/finedata.cz\/wp-content\/uploads\/2017\/12\/CertifikaceEsetTechnicka2017-300x213.jpg","type":"","width":"","height":""}],"twitter_card":"summary_large_image","schema":{"@context":"https:\/\/schema.org","@graph":[{"@type":"WebPage","@id":"https:\/\/www.finedata.cz\/?page_id=64","url":"https:\/\/www.finedata.cz\/?page_id=64","name":"Certifikace - FineData s.r.o.","isPartOf":{"@id":"https:\/\/www.finedata.cz\/#website"},"primaryImageOfPage":{"@id":"https:\/\/www.finedata.cz\/?page_id=64#primaryimage"},"image":{"@id":"https:\/\/www.finedata.cz\/?page_id=64#primaryimage"},"thumbnailUrl":"http:\/\/finedata.cz\/wp-content\/uploads\/2017\/12\/CertifikaceEsetTechnicka2017-300x213.jpg","datePublished":"2013-02-25T09:55:34+00:00","dateModified":"2018-11-13T10:49:45+00:00","description":"Certifikace dosa\u017een\u00e9 na\u0161imi techniky.","breadcrumb":{"@id":"https:\/\/www.finedata.cz\/?page_id=64#breadcrumb"},"inLanguage":"en-US","potentialAction":[{"@type":"ReadAction","target":["https:\/\/www.finedata.cz\/?page_id=64"]}]},{"@type":"ImageObject","inLanguage":"en-US","@id":"https:\/\/www.finedata.cz\/?page_id=64#primaryimage","url":"http:\/\/finedata.cz\/wp-content\/uploads\/2017\/12\/CertifikaceEsetTechnicka2017-300x213.jpg","contentUrl":"http:\/\/finedata.cz\/wp-content\/uploads\/2017\/12\/CertifikaceEsetTechnicka2017-300x213.jpg"},{"@type":"BreadcrumbList","@id":"https:\/\/www.finedata.cz\/?page_id=64#breadcrumb","itemListElement":[{"@type":"ListItem","position":1,"name":"Dom\u016f","item":"https:\/\/www.finedata.cz\/"},{"@type":"ListItem","position":2,"name":"Certifikace"}]},{"@type":"WebSite","@id":"https:\/\/www.finedata.cz\/#website","url":"https:\/\/www.finedata.cz\/","name":"FineData s.r.o.","description":"spr\u00e1va s\u00edt\u00ed, konzultace v IT, prodej HW a SW","potentialAction":[{"@type":"SearchAction","target":{"@type":"EntryPoint","urlTemplate":"https:\/\/www.finedata.cz\/?s={search_term_string}"},"query-input":{"@type":"PropertyValueSpecification","valueRequired":true,"valueName":"search_term_string"}}],"inLanguage":"en-US"}]}},"_links":{"self":[{"href":"https:\/\/www.finedata.cz\/index.php?rest_route=\/wp\/v2\/pages\/64","targetHints":{"allow":["GET"]}}],"collection":[{"href":"https:\/\/www.finedata.cz\/index.php?rest_route=\/wp\/v2\/pages"}],"about":[{"href":"https:\/\/www.finedata.cz\/index.php?rest_route=\/wp\/v2\/types\/page"}],"author":[{"embeddable":true,"href":"https:\/\/www.finedata.cz\/index.php?rest_route=\/wp\/v2\/users\/2"}],"replies":[{"embeddable":true,"href":"https:\/\/www.finedata.cz\/index.php?rest_route=%2Fwp%2Fv2%2Fcomments&post=64"}],"version-history":[{"count":48,"href":"https:\/\/www.finedata.cz\/index.php?rest_route=\/wp\/v2\/pages\/64\/revisions"}],"predecessor-version":[{"id":662,"href":"https:\/\/www.finedata.cz\/index.php?rest_route=\/wp\/v2\/pages\/64\/revisions\/662"}],"wp:attachment":[{"href":"https:\/\/www.finedata.cz\/index.php?rest_route=%2Fwp%2Fv2%2Fmedia&parent=64"}],"curies":[{"name":"wp","href":"https:\/\/api.w.org\/{rel}","templated":true}]}}