{"id":5,"date":"2012-11-04T19:03:10","date_gmt":"2012-11-04T18:03:10","guid":{"rendered":"https:\/\/finedata.cz\/?page_id=5"},"modified":"2024-04-08T08:53:17","modified_gmt":"2024-04-08T07:53:17","slug":"kontakt","status":"publish","type":"page","link":"https:\/\/www.finedata.cz\/?page_id=5","title":{"rendered":"Kontaktn\u00ed informace"},"content":{"rendered":"<div class=\"contact\">\n<div class=\"x30\">\n<div style=\"padding-top: 5px;\">\n<h2>S\u00eddlo firmy<\/h2>\n<p><strong>FineData s.r.o.<\/strong><br \/>\nPod Lesem 2119\/7<br \/>\n143 00 Praha<\/p>\n<p>GPS: <a class=\"gray\" href=\"http:\/\/www.mapy.cz\/#mm=ZTtTcP@sa=s@st=s@ssq=Pod%20lesem%202119%2F7%2C%20praha@sss=1@ssp=117759084_124661452_152820844_152694476@x=133046704@y=135615376@z=16\" target=\"_blank\" rel=\"noopener\">49\u00b059\u201912.261\u2033N, 14\u00b024\u201934.758\u2033E<\/a><\/p>\n<\/div>\n<\/div>\n<div class=\"x30\">\n<h2>Hlavn\u00ed kontakty<\/h2>\n<p><strong>Kancel\u00e1\u0159 &#8211; dotazy<\/strong><\/p>\n<ul>\n<li class=\"phone\">777 146 362<\/li>\n<li class=\"mail\"><a href=\"mailto:info@finedata.cz\">info@finedata.cz<\/a><\/li>\n<\/ul>\n<p><strong>Po\u010d\u00edta\u010de, s\u00edt\u011b<\/strong><\/p>\n<ul>\n<li class=\"phone\">777 146 362<\/li>\n<li class=\"mail\"><a href=\"mailto:mtresnak@finedata.cz\">mtresnak@finedata.cz<\/a><\/li>\n<\/ul>\n<\/div>\n<div class=\"x30\">\n<h2>QR k\u00f3d &#8211; vizitka<\/h2>\n<p><img decoding=\"async\" style=\"width: 50%;\" src=\"https:\/\/finedata.cz\/wp-content\/themes\/finetema2\/images\/qrcode.png\" alt=\"Vizitka\" \/><\/p>\n<\/div>\n<\/div>\n<div class=\"spacer\"><\/div>\n","protected":false},"excerpt":{"rendered":"<p>S\u00eddlo firmy FineData s.r.o. Pod Lesem 2119\/7 143 00 Praha GPS: 49\u00b059\u201912.261\u2033N, 14\u00b024\u201934.758\u2033E Hlavn\u00ed kontakty Kancel\u00e1\u0159 &#8211; dotazy 777 146 362 info@finedata.cz Po\u010d\u00edta\u010de, s\u00edt\u011b 777 146 362 mtresnak@finedata.cz QR k\u00f3d &#8211; vizitka<\/p>\n","protected":false},"author":2,"featured_media":0,"parent":0,"menu_order":15,"comment_status":"open","ping_status":"closed","template":"page-contact.php","meta":{"footnotes":""},"class_list":["post-5","page","type-page","status-publish","hentry"],"yoast_head":"<!-- This site is optimized with the Yoast SEO plugin v27.3 - https:\/\/yoast.com\/product\/yoast-seo-wordpress\/ -->\n<title>Kontaktn\u00ed informace - FineData s.r.o.<\/title>\n<meta name=\"description\" content=\"Kontaktn\u00ed informace FineData s.r.o.\" \/>\n<meta name=\"robots\" content=\"index, follow, max-snippet:-1, max-image-preview:large, max-video-preview:-1\" \/>\n<link rel=\"canonical\" href=\"https:\/\/www.finedata.cz\/?page_id=5\" \/>\n<meta property=\"og:locale\" content=\"en_US\" \/>\n<meta property=\"og:type\" content=\"article\" \/>\n<meta property=\"og:title\" content=\"Kontaktn\u00ed informace - FineData s.r.o.\" \/>\n<meta property=\"og:description\" content=\"Kontaktn\u00ed informace FineData s.r.o.\" \/>\n<meta property=\"og:url\" content=\"https:\/\/www.finedata.cz\/?page_id=5\" \/>\n<meta property=\"og:site_name\" content=\"FineData s.r.o.\" \/>\n<meta property=\"article:modified_time\" content=\"2024-04-08T07:53:17+00:00\" \/>\n<meta property=\"og:image\" content=\"https:\/\/finedata.cz\/wp-content\/themes\/finetema2\/images\/qrcode.png\" \/>\n<meta name=\"twitter:card\" content=\"summary_large_image\" \/>\n<meta name=\"twitter:label1\" content=\"Est. reading time\" \/>\n\t<meta name=\"twitter:data1\" content=\"1 minute\" \/>\n<script type=\"application\/ld+json\" class=\"yoast-schema-graph\">{\"@context\":\"https:\\\/\\\/schema.org\",\"@graph\":[{\"@type\":\"WebPage\",\"@id\":\"https:\\\/\\\/www.finedata.cz\\\/?page_id=5\",\"url\":\"https:\\\/\\\/www.finedata.cz\\\/?page_id=5\",\"name\":\"Kontaktn\u00ed informace - FineData s.r.o.\",\"isPartOf\":{\"@id\":\"https:\\\/\\\/www.finedata.cz\\\/#website\"},\"primaryImageOfPage\":{\"@id\":\"https:\\\/\\\/www.finedata.cz\\\/?page_id=5#primaryimage\"},\"image\":{\"@id\":\"https:\\\/\\\/www.finedata.cz\\\/?page_id=5#primaryimage\"},\"thumbnailUrl\":\"https:\\\/\\\/finedata.cz\\\/wp-content\\\/themes\\\/finetema2\\\/images\\\/qrcode.png\",\"datePublished\":\"2012-11-04T18:03:10+00:00\",\"dateModified\":\"2024-04-08T07:53:17+00:00\",\"description\":\"Kontaktn\u00ed informace FineData s.r.o.\",\"breadcrumb\":{\"@id\":\"https:\\\/\\\/www.finedata.cz\\\/?page_id=5#breadcrumb\"},\"inLanguage\":\"en-US\",\"potentialAction\":[{\"@type\":\"ReadAction\",\"target\":[\"https:\\\/\\\/www.finedata.cz\\\/?page_id=5\"]}]},{\"@type\":\"ImageObject\",\"inLanguage\":\"en-US\",\"@id\":\"https:\\\/\\\/www.finedata.cz\\\/?page_id=5#primaryimage\",\"url\":\"https:\\\/\\\/finedata.cz\\\/wp-content\\\/themes\\\/finetema2\\\/images\\\/qrcode.png\",\"contentUrl\":\"https:\\\/\\\/finedata.cz\\\/wp-content\\\/themes\\\/finetema2\\\/images\\\/qrcode.png\"},{\"@type\":\"BreadcrumbList\",\"@id\":\"https:\\\/\\\/www.finedata.cz\\\/?page_id=5#breadcrumb\",\"itemListElement\":[{\"@type\":\"ListItem\",\"position\":1,\"name\":\"Dom\u016f\",\"item\":\"https:\\\/\\\/www.finedata.cz\\\/\"},{\"@type\":\"ListItem\",\"position\":2,\"name\":\"Kontaktn\u00ed informace\"}]},{\"@type\":\"WebSite\",\"@id\":\"https:\\\/\\\/www.finedata.cz\\\/#website\",\"url\":\"https:\\\/\\\/www.finedata.cz\\\/\",\"name\":\"FineData s.r.o.\",\"description\":\"spr\u00e1va s\u00edt\u00ed, konzultace v IT, prodej HW a SW\",\"potentialAction\":[{\"@type\":\"SearchAction\",\"target\":{\"@type\":\"EntryPoint\",\"urlTemplate\":\"https:\\\/\\\/www.finedata.cz\\\/?s={search_term_string}\"},\"query-input\":{\"@type\":\"PropertyValueSpecification\",\"valueRequired\":true,\"valueName\":\"search_term_string\"}}],\"inLanguage\":\"en-US\"}]}<\/script>\n<!-- \/ Yoast SEO plugin. -->","yoast_head_json":{"title":"Kontaktn\u00ed informace - FineData s.r.o.","description":"Kontaktn\u00ed informace FineData s.r.o.","robots":{"index":"index","follow":"follow","max-snippet":"max-snippet:-1","max-image-preview":"max-image-preview:large","max-video-preview":"max-video-preview:-1"},"canonical":"https:\/\/www.finedata.cz\/?page_id=5","og_locale":"en_US","og_type":"article","og_title":"Kontaktn\u00ed informace - FineData s.r.o.","og_description":"Kontaktn\u00ed informace FineData s.r.o.","og_url":"https:\/\/www.finedata.cz\/?page_id=5","og_site_name":"FineData s.r.o.","article_modified_time":"2024-04-08T07:53:17+00:00","og_image":[{"url":"https:\/\/finedata.cz\/wp-content\/themes\/finetema2\/images\/qrcode.png","type":"","width":"","height":""}],"twitter_card":"summary_large_image","twitter_misc":{"Est. reading time":"1 minute"},"schema":{"@context":"https:\/\/schema.org","@graph":[{"@type":"WebPage","@id":"https:\/\/www.finedata.cz\/?page_id=5","url":"https:\/\/www.finedata.cz\/?page_id=5","name":"Kontaktn\u00ed informace - FineData s.r.o.","isPartOf":{"@id":"https:\/\/www.finedata.cz\/#website"},"primaryImageOfPage":{"@id":"https:\/\/www.finedata.cz\/?page_id=5#primaryimage"},"image":{"@id":"https:\/\/www.finedata.cz\/?page_id=5#primaryimage"},"thumbnailUrl":"https:\/\/finedata.cz\/wp-content\/themes\/finetema2\/images\/qrcode.png","datePublished":"2012-11-04T18:03:10+00:00","dateModified":"2024-04-08T07:53:17+00:00","description":"Kontaktn\u00ed informace FineData s.r.o.","breadcrumb":{"@id":"https:\/\/www.finedata.cz\/?page_id=5#breadcrumb"},"inLanguage":"en-US","potentialAction":[{"@type":"ReadAction","target":["https:\/\/www.finedata.cz\/?page_id=5"]}]},{"@type":"ImageObject","inLanguage":"en-US","@id":"https:\/\/www.finedata.cz\/?page_id=5#primaryimage","url":"https:\/\/finedata.cz\/wp-content\/themes\/finetema2\/images\/qrcode.png","contentUrl":"https:\/\/finedata.cz\/wp-content\/themes\/finetema2\/images\/qrcode.png"},{"@type":"BreadcrumbList","@id":"https:\/\/www.finedata.cz\/?page_id=5#breadcrumb","itemListElement":[{"@type":"ListItem","position":1,"name":"Dom\u016f","item":"https:\/\/www.finedata.cz\/"},{"@type":"ListItem","position":2,"name":"Kontaktn\u00ed informace"}]},{"@type":"WebSite","@id":"https:\/\/www.finedata.cz\/#website","url":"https:\/\/www.finedata.cz\/","name":"FineData s.r.o.","description":"spr\u00e1va s\u00edt\u00ed, konzultace v IT, prodej HW a SW","potentialAction":[{"@type":"SearchAction","target":{"@type":"EntryPoint","urlTemplate":"https:\/\/www.finedata.cz\/?s={search_term_string}"},"query-input":{"@type":"PropertyValueSpecification","valueRequired":true,"valueName":"search_term_string"}}],"inLanguage":"en-US"}]}},"_links":{"self":[{"href":"https:\/\/www.finedata.cz\/index.php?rest_route=\/wp\/v2\/pages\/5","targetHints":{"allow":["GET"]}}],"collection":[{"href":"https:\/\/www.finedata.cz\/index.php?rest_route=\/wp\/v2\/pages"}],"about":[{"href":"https:\/\/www.finedata.cz\/index.php?rest_route=\/wp\/v2\/types\/page"}],"author":[{"embeddable":true,"href":"https:\/\/www.finedata.cz\/index.php?rest_route=\/wp\/v2\/users\/2"}],"replies":[{"embeddable":true,"href":"https:\/\/www.finedata.cz\/index.php?rest_route=%2Fwp%2Fv2%2Fcomments&post=5"}],"version-history":[{"count":19,"href":"https:\/\/www.finedata.cz\/index.php?rest_route=\/wp\/v2\/pages\/5\/revisions"}],"predecessor-version":[{"id":31885,"href":"https:\/\/www.finedata.cz\/index.php?rest_route=\/wp\/v2\/pages\/5\/revisions\/31885"}],"wp:attachment":[{"href":"https:\/\/www.finedata.cz\/index.php?rest_route=%2Fwp%2Fv2%2Fmedia&parent=5"}],"curies":[{"name":"wp","href":"https:\/\/api.w.org\/{rel}","templated":true}]}}