{"id":475,"date":"2017-02-06T11:29:38","date_gmt":"2017-02-06T10:29:38","guid":{"rendered":"https:\/\/finedata.cz\/?page_id=475"},"modified":"2024-04-08T08:55:04","modified_gmt":"2024-04-08T07:55:04","slug":"kariera","status":"publish","type":"page","link":"https:\/\/www.finedata.cz\/?page_id=475","title":{"rendered":"Kari\u00e9ra"},"content":{"rendered":"<h2>V sou\u010dasnosti hled\u00e1me tyto pozice:<\/h2>\n<h2>IT administrator<\/h2>\n<p>Smlouva: Pracovn\u00ed smluva &#8211; hlavn\u00ed pracovn\u00ed pom\u011br, \u017divnostensk\u00fd list<br \/>\nZnalosti: S\u00ed\u0165ov\u00e9 prvky. Administrace Windows Server 2016, 2019, 2022. Administrace server\u016f Linux, MySQL, z\u00e1klady PHP, HTML.<br \/>\nM\u00edsto v\u00fdkonu pr\u00e1ce: Praha, St\u0159edo\u010desk\u00fd kraj<br \/>\nNab\u00edz\u00edme: vzd\u011bl\u00e1v\u00e1n\u00ed a certifikace v oboru, pr\u00e1ce na zaj\u00edmav\u00fdch projektech<br \/>\nDal\u0161\u00ed po\u017eadavky: \u0158idi\u010dsk\u00fd pr\u016fkaz skupiny B<\/p>\n<p>Nab\u00eddky zas\u00edlejte na Martina T\u0159e\u0161\u0148\u00e1ka, <a href=\"mailto:job@finedata.cz\">job@finedata.cz<\/a><\/p>\n","protected":false},"excerpt":{"rendered":"<p>V sou\u010dasnosti hled\u00e1me tyto pozice: IT administrator Smlouva: Pracovn\u00ed smluva &#8211; hlavn\u00ed pracovn\u00ed pom\u011br, \u017divnostensk\u00fd list Znalosti: S\u00ed\u0165ov\u00e9 prvky. Administrace Windows Server 2016, 2019, 2022. Administrace server\u016f Linux, MySQL, z\u00e1klady PHP, HTML. M\u00edsto v\u00fdkonu pr\u00e1ce: Praha, St\u0159edo\u010desk\u00fd kraj Nab\u00edz\u00edme: vzd\u011bl\u00e1v\u00e1n\u00ed &hellip; <a href=\"https:\/\/www.finedata.cz\/?page_id=475\">Continue reading <span class=\"meta-nav\">&rarr;<\/span><\/a><\/p>\n","protected":false},"author":2,"featured_media":0,"parent":0,"menu_order":0,"comment_status":"closed","ping_status":"closed","template":"page-aboutus.php","meta":{"footnotes":""},"class_list":["post-475","page","type-page","status-publish","hentry"],"yoast_head":"<!-- This site is optimized with the Yoast SEO plugin v27.5 - https:\/\/yoast.com\/product\/yoast-seo-wordpress\/ -->\n<title>Kari\u00e9ra - FineData s.r.o.<\/title>\n<meta name=\"robots\" content=\"index, follow, max-snippet:-1, max-image-preview:large, max-video-preview:-1\" \/>\n<link rel=\"canonical\" href=\"https:\/\/www.finedata.cz\/?page_id=475\" \/>\n<meta property=\"og:locale\" content=\"en_US\" \/>\n<meta property=\"og:type\" content=\"article\" \/>\n<meta property=\"og:title\" content=\"Kari\u00e9ra - FineData s.r.o.\" \/>\n<meta property=\"og:description\" content=\"V sou\u010dasnosti hled\u00e1me tyto pozice: IT administrator Smlouva: Pracovn\u00ed smluva &#8211; hlavn\u00ed pracovn\u00ed pom\u011br, \u017divnostensk\u00fd list Znalosti: S\u00ed\u0165ov\u00e9 prvky. Administrace Windows Server 2016, 2019, 2022. Administrace server\u016f Linux, MySQL, z\u00e1klady PHP, HTML. M\u00edsto v\u00fdkonu pr\u00e1ce: Praha, St\u0159edo\u010desk\u00fd kraj Nab\u00edz\u00edme: vzd\u011bl\u00e1v\u00e1n\u00ed &hellip; Continue reading &rarr;\" \/>\n<meta property=\"og:url\" content=\"https:\/\/www.finedata.cz\/?page_id=475\" \/>\n<meta property=\"og:site_name\" content=\"FineData s.r.o.\" \/>\n<meta property=\"article:modified_time\" content=\"2024-04-08T07:55:04+00:00\" \/>\n<meta name=\"twitter:card\" content=\"summary_large_image\" \/>\n<meta name=\"twitter:label1\" content=\"Est. reading time\" \/>\n\t<meta name=\"twitter:data1\" content=\"1 minute\" \/>\n<script type=\"application\/ld+json\" class=\"yoast-schema-graph\">{\"@context\":\"https:\\\/\\\/schema.org\",\"@graph\":[{\"@type\":\"WebPage\",\"@id\":\"https:\\\/\\\/www.finedata.cz\\\/?page_id=475\",\"url\":\"https:\\\/\\\/www.finedata.cz\\\/?page_id=475\",\"name\":\"Kari\u00e9ra - FineData s.r.o.\",\"isPartOf\":{\"@id\":\"https:\\\/\\\/www.finedata.cz\\\/#website\"},\"datePublished\":\"2017-02-06T10:29:38+00:00\",\"dateModified\":\"2024-04-08T07:55:04+00:00\",\"breadcrumb\":{\"@id\":\"https:\\\/\\\/www.finedata.cz\\\/?page_id=475#breadcrumb\"},\"inLanguage\":\"en-US\",\"potentialAction\":[{\"@type\":\"ReadAction\",\"target\":[\"https:\\\/\\\/www.finedata.cz\\\/?page_id=475\"]}]},{\"@type\":\"BreadcrumbList\",\"@id\":\"https:\\\/\\\/www.finedata.cz\\\/?page_id=475#breadcrumb\",\"itemListElement\":[{\"@type\":\"ListItem\",\"position\":1,\"name\":\"Dom\u016f\",\"item\":\"https:\\\/\\\/www.finedata.cz\\\/\"},{\"@type\":\"ListItem\",\"position\":2,\"name\":\"Kari\u00e9ra\"}]},{\"@type\":\"WebSite\",\"@id\":\"https:\\\/\\\/www.finedata.cz\\\/#website\",\"url\":\"https:\\\/\\\/www.finedata.cz\\\/\",\"name\":\"FineData s.r.o.\",\"description\":\"spr\u00e1va s\u00edt\u00ed, konzultace v IT, prodej HW a SW\",\"potentialAction\":[{\"@type\":\"SearchAction\",\"target\":{\"@type\":\"EntryPoint\",\"urlTemplate\":\"https:\\\/\\\/www.finedata.cz\\\/?s={search_term_string}\"},\"query-input\":{\"@type\":\"PropertyValueSpecification\",\"valueRequired\":true,\"valueName\":\"search_term_string\"}}],\"inLanguage\":\"en-US\"}]}<\/script>\n<!-- \/ Yoast SEO plugin. -->","yoast_head_json":{"title":"Kari\u00e9ra - FineData s.r.o.","robots":{"index":"index","follow":"follow","max-snippet":"max-snippet:-1","max-image-preview":"max-image-preview:large","max-video-preview":"max-video-preview:-1"},"canonical":"https:\/\/www.finedata.cz\/?page_id=475","og_locale":"en_US","og_type":"article","og_title":"Kari\u00e9ra - FineData s.r.o.","og_description":"V sou\u010dasnosti hled\u00e1me tyto pozice: IT administrator Smlouva: Pracovn\u00ed smluva &#8211; hlavn\u00ed pracovn\u00ed pom\u011br, \u017divnostensk\u00fd list Znalosti: S\u00ed\u0165ov\u00e9 prvky. Administrace Windows Server 2016, 2019, 2022. Administrace server\u016f Linux, MySQL, z\u00e1klady PHP, HTML. M\u00edsto v\u00fdkonu pr\u00e1ce: Praha, St\u0159edo\u010desk\u00fd kraj Nab\u00edz\u00edme: vzd\u011bl\u00e1v\u00e1n\u00ed &hellip; Continue reading &rarr;","og_url":"https:\/\/www.finedata.cz\/?page_id=475","og_site_name":"FineData s.r.o.","article_modified_time":"2024-04-08T07:55:04+00:00","twitter_card":"summary_large_image","twitter_misc":{"Est. reading time":"1 minute"},"schema":{"@context":"https:\/\/schema.org","@graph":[{"@type":"WebPage","@id":"https:\/\/www.finedata.cz\/?page_id=475","url":"https:\/\/www.finedata.cz\/?page_id=475","name":"Kari\u00e9ra - FineData s.r.o.","isPartOf":{"@id":"https:\/\/www.finedata.cz\/#website"},"datePublished":"2017-02-06T10:29:38+00:00","dateModified":"2024-04-08T07:55:04+00:00","breadcrumb":{"@id":"https:\/\/www.finedata.cz\/?page_id=475#breadcrumb"},"inLanguage":"en-US","potentialAction":[{"@type":"ReadAction","target":["https:\/\/www.finedata.cz\/?page_id=475"]}]},{"@type":"BreadcrumbList","@id":"https:\/\/www.finedata.cz\/?page_id=475#breadcrumb","itemListElement":[{"@type":"ListItem","position":1,"name":"Dom\u016f","item":"https:\/\/www.finedata.cz\/"},{"@type":"ListItem","position":2,"name":"Kari\u00e9ra"}]},{"@type":"WebSite","@id":"https:\/\/www.finedata.cz\/#website","url":"https:\/\/www.finedata.cz\/","name":"FineData s.r.o.","description":"spr\u00e1va s\u00edt\u00ed, konzultace v IT, prodej HW a SW","potentialAction":[{"@type":"SearchAction","target":{"@type":"EntryPoint","urlTemplate":"https:\/\/www.finedata.cz\/?s={search_term_string}"},"query-input":{"@type":"PropertyValueSpecification","valueRequired":true,"valueName":"search_term_string"}}],"inLanguage":"en-US"}]}},"_links":{"self":[{"href":"https:\/\/www.finedata.cz\/index.php?rest_route=\/wp\/v2\/pages\/475","targetHints":{"allow":["GET"]}}],"collection":[{"href":"https:\/\/www.finedata.cz\/index.php?rest_route=\/wp\/v2\/pages"}],"about":[{"href":"https:\/\/www.finedata.cz\/index.php?rest_route=\/wp\/v2\/types\/page"}],"author":[{"embeddable":true,"href":"https:\/\/www.finedata.cz\/index.php?rest_route=\/wp\/v2\/users\/2"}],"replies":[{"embeddable":true,"href":"https:\/\/www.finedata.cz\/index.php?rest_route=%2Fwp%2Fv2%2Fcomments&post=475"}],"version-history":[{"count":10,"href":"https:\/\/www.finedata.cz\/index.php?rest_route=\/wp\/v2\/pages\/475\/revisions"}],"predecessor-version":[{"id":31886,"href":"https:\/\/www.finedata.cz\/index.php?rest_route=\/wp\/v2\/pages\/475\/revisions\/31886"}],"wp:attachment":[{"href":"https:\/\/www.finedata.cz\/index.php?rest_route=%2Fwp%2Fv2%2Fmedia&parent=475"}],"curies":[{"name":"wp","href":"https:\/\/api.w.org\/{rel}","templated":true}]}}