{"id":373,"date":"2015-09-01T08:58:21","date_gmt":"2015-09-01T07:58:21","guid":{"rendered":"https:\/\/finedata.cz\/?page_id=373"},"modified":"2024-04-08T08:57:54","modified_gmt":"2024-04-08T07:57:54","slug":"sluzby-2","status":"publish","type":"page","link":"https:\/\/www.finedata.cz\/?page_id=373","title":{"rendered":"Slu\u017eby"},"content":{"rendered":"<h1>Nab\u00edz\u00edme komplexn\u00ed IT slu\u017eby v n\u011bkolika oblastech<\/h1>\n<div class=\"linePage\"><\/div>\n<div class=\"services\"><img decoding=\"async\" src=\"https:\/\/finedata.cz\/wp-content\/themes\/finetema2\/images\/s_1.jpg\" alt=\"Spr\u00e1va s\u00edt\u00ed\" \/><\/p>\n<h2>Spr\u00e1va s\u00edt\u00ed<\/h2>\n<p>Nab\u00edz\u00edme spr\u00e1vu cel\u00e9 IT infrastruktury. Na\u0161i klienti \u010dasto nebuduj\u00ed vlastn\u00ed IT t\u00fdm a p\u0159enech\u00e1vaj\u00ed kompletn\u00ed starost o s\u00edt\u011b, servery, koncov\u00e9 stanice a periferie na n\u00e1s. V\u00fdhodou je vysok\u00e1 technick\u00e1 odbornost na\u0161ich technik\u016f a jejich vz\u00e1jemn\u00e1 zastupitelnost. Toto \u0159e\u0161en\u00ed p\u0159inese \u00faspory financ\u00ed, \u010dasu a vy\u0161\u0161\u00ed kvalitu.<\/p>\n<\/div>\n<div class=\"services\"><img decoding=\"async\" src=\"https:\/\/finedata.cz\/wp-content\/themes\/finetema2\/images\/s_2.jpg\" alt=\"Prodej Hardware\" \/><\/p>\n<h2>Prodej Hardware<\/h2>\n<p>Dod\u00e1v\u00e1me servery HP, DELL, Supermicro, Intel. Po\u010d\u00edta\u010de a notebooky HP, DELL, LENOVO, APPLE a dal\u0161\u00ed zna\u010dky. Tablety a smartphony Samsung, APPLE. Tisk\u00e1rny HP, CANON, Xerox a p\u0159\u00edslu\u0161enstv\u00ed.<\/p>\n<\/div>\n<div class=\"services\"><img decoding=\"async\" src=\"https:\/\/finedata.cz\/wp-content\/themes\/finetema2\/images\/s_5.jpg\" alt=\"Slu\u017eby webhostingu\" \/><\/p>\n<h2>Slu\u017eby webhostingu<\/h2>\n<p>M\u016f\u017eete si u n\u00e1s objednat registraci dom\u00e9n, webhosting, serverhostig, tvorbu dynamick\u00fdch web\u016f na modern\u00ed platform\u011b. Webovou prezentaci pak m\u016f\u017eete snadno spravovat pomoc\u00ed redak\u010dn\u00edho syst\u00e9mu.<\/p>\n<\/div>\n<div class=\"services\"><img decoding=\"async\" src=\"https:\/\/finedata.cz\/wp-content\/themes\/finetema2\/images\/s_7.jpg\" alt=\"Jakost a kvalita\" \/><\/p>\n<h2>Jakost a kvalita<\/h2>\n<p>V oblasti HW i SW db\u00e1me na kvalitu, spolehlivost a jakost servisu. Proto preferujeme v\u00fdrobky Apple, HP, Lenovo, Zyxel, Microsoft, Kerio, Mikrotik. V\u017edy vyb\u00edr\u00e1me tak, aby vynalo\u017een\u00e9 prost\u0159edky odpov\u00eddaly pot\u0159eb\u011b klienta. V oblasti SW klademe d\u016fraz na kvalitu a standardizaci.<\/p>\n<\/div>\n<div class=\"services\"><img decoding=\"async\" src=\"https:\/\/finedata.cz\/wp-content\/themes\/finetema2\/images\/s_3.jpg\" alt=\"Prodej Software\" \/><\/p>\n<h2>Prodej Software<\/h2>\n<p>Nab\u00edz\u00edme produkty spole\u010dnost\u00ed Microsoft, ESET, Kerio aj. v\u010detn\u011b jeho instalace.<\/p>\n<\/div>\n<div class=\"services\"><img decoding=\"async\" src=\"https:\/\/finedata.cz\/wp-content\/themes\/finetema2\/images\/s_4.jpg\" alt=\"Cloudov\u00e9 slu\u017eby\" \/><\/p>\n<h2>Cloudov\u00e9 slu\u017eby<\/h2>\n<p>Pom\u016f\u017eeme V\u00e1m s migrac\u00ed a spr\u00e1vou na Office 365 i Google Apps pro firmy.<\/p>\n<\/div>\n<div class=\"services\"><img decoding=\"async\" src=\"https:\/\/finedata.cz\/wp-content\/themes\/finetema2\/images\/s_8.jpg\" alt=\"Poradenstv\u00ed\" \/><\/p>\n<h2>Poradenstv\u00ed<\/h2>\n<p>D\u00edky dlouholet\u00e9 praxi v oboru m\u016f\u017eeme nab\u00eddnout poradenstv\u00ed a to jak koncep\u010dn\u00ed architektonick\u00e9, tak i bezpe\u010dnostn\u00ed.<\/p>\n<\/div>\n<div class=\"services\"><img decoding=\"async\" src=\"https:\/\/finedata.cz\/wp-content\/themes\/finetema2\/images\/s_6.jpg\" alt=\"Kamerov\u00e9 syst\u00e9my\" \/><\/p>\n<h2>Kamerov\u00e9 syst\u00e9my<\/h2>\n<p>Jsme dodavateli kompletn\u00edch kamerov\u00fdch syst\u00e9m\u016f. M\u00e1me zku\u0161enosti s instalacemi v kancel\u00e1\u0159\u00edch a pr\u016fmyslov\u00fdch objektech od 1 do 50 kamer a to vnit\u0159n\u00edch i venkovn\u00edch.<\/p>\n<\/div>\n<div class=\"spacer\"><\/div>\n<div class=\"linePage\"><\/div>\n<h1>Nebojte se n\u00e1s na cokoliv zeptat, r\u00e1di V\u00e1m porad\u00edme info@finedata.cz<\/h1>\n","protected":false},"excerpt":{"rendered":"<p>Nab\u00edz\u00edme komplexn\u00ed IT slu\u017eby v n\u011bkolika oblastech Spr\u00e1va s\u00edt\u00ed Nab\u00edz\u00edme spr\u00e1vu cel\u00e9 IT infrastruktury. Na\u0161i klienti \u010dasto nebuduj\u00ed vlastn\u00ed IT t\u00fdm a p\u0159enech\u00e1vaj\u00ed kompletn\u00ed starost o s\u00edt\u011b, servery, koncov\u00e9 stanice a periferie na n\u00e1s. V\u00fdhodou je vysok\u00e1 technick\u00e1 odbornost na\u0161ich &hellip; <a href=\"https:\/\/www.finedata.cz\/?page_id=373\">Continue reading <span class=\"meta-nav\">&rarr;<\/span><\/a><\/p>\n","protected":false},"author":3,"featured_media":0,"parent":0,"menu_order":0,"comment_status":"closed","ping_status":"closed","template":"page-no_title.php","meta":{"footnotes":""},"class_list":["post-373","page","type-page","status-publish","hentry"],"yoast_head":"<!-- This site is optimized with the Yoast SEO plugin v27.5 - https:\/\/yoast.com\/product\/yoast-seo-wordpress\/ -->\n<title>Slu\u017eby - FineData s.r.o.<\/title>\n<meta name=\"robots\" content=\"index, follow, max-snippet:-1, max-image-preview:large, max-video-preview:-1\" \/>\n<link rel=\"canonical\" href=\"https:\/\/www.finedata.cz\/?page_id=373\" \/>\n<meta property=\"og:locale\" content=\"en_US\" \/>\n<meta property=\"og:type\" content=\"article\" \/>\n<meta property=\"og:title\" content=\"Slu\u017eby - FineData s.r.o.\" \/>\n<meta property=\"og:description\" content=\"Nab\u00edz\u00edme komplexn\u00ed IT slu\u017eby v n\u011bkolika oblastech Spr\u00e1va s\u00edt\u00ed Nab\u00edz\u00edme spr\u00e1vu cel\u00e9 IT infrastruktury. Na\u0161i klienti \u010dasto nebuduj\u00ed vlastn\u00ed IT t\u00fdm a p\u0159enech\u00e1vaj\u00ed kompletn\u00ed starost o s\u00edt\u011b, servery, koncov\u00e9 stanice a periferie na n\u00e1s. V\u00fdhodou je vysok\u00e1 technick\u00e1 odbornost na\u0161ich &hellip; Continue reading &rarr;\" \/>\n<meta property=\"og:url\" content=\"https:\/\/www.finedata.cz\/?page_id=373\" \/>\n<meta property=\"og:site_name\" content=\"FineData s.r.o.\" \/>\n<meta property=\"article:modified_time\" content=\"2024-04-08T07:57:54+00:00\" \/>\n<meta property=\"og:image\" content=\"https:\/\/finedata.cz\/wp-content\/themes\/finetema2\/images\/s_1.jpg\" \/>\n<meta name=\"twitter:card\" content=\"summary_large_image\" \/>\n<meta name=\"twitter:label1\" content=\"Est. reading time\" \/>\n\t<meta name=\"twitter:data1\" content=\"3 minutes\" \/>\n<script type=\"application\/ld+json\" class=\"yoast-schema-graph\">{\"@context\":\"https:\\\/\\\/schema.org\",\"@graph\":[{\"@type\":\"WebPage\",\"@id\":\"https:\\\/\\\/www.finedata.cz\\\/?page_id=373\",\"url\":\"https:\\\/\\\/www.finedata.cz\\\/?page_id=373\",\"name\":\"Slu\u017eby - FineData s.r.o.\",\"isPartOf\":{\"@id\":\"https:\\\/\\\/www.finedata.cz\\\/#website\"},\"primaryImageOfPage\":{\"@id\":\"https:\\\/\\\/www.finedata.cz\\\/?page_id=373#primaryimage\"},\"image\":{\"@id\":\"https:\\\/\\\/www.finedata.cz\\\/?page_id=373#primaryimage\"},\"thumbnailUrl\":\"https:\\\/\\\/finedata.cz\\\/wp-content\\\/themes\\\/finetema2\\\/images\\\/s_1.jpg\",\"datePublished\":\"2015-09-01T07:58:21+00:00\",\"dateModified\":\"2024-04-08T07:57:54+00:00\",\"breadcrumb\":{\"@id\":\"https:\\\/\\\/www.finedata.cz\\\/?page_id=373#breadcrumb\"},\"inLanguage\":\"en-US\",\"potentialAction\":[{\"@type\":\"ReadAction\",\"target\":[\"https:\\\/\\\/www.finedata.cz\\\/?page_id=373\"]}]},{\"@type\":\"ImageObject\",\"inLanguage\":\"en-US\",\"@id\":\"https:\\\/\\\/www.finedata.cz\\\/?page_id=373#primaryimage\",\"url\":\"https:\\\/\\\/finedata.cz\\\/wp-content\\\/themes\\\/finetema2\\\/images\\\/s_1.jpg\",\"contentUrl\":\"https:\\\/\\\/finedata.cz\\\/wp-content\\\/themes\\\/finetema2\\\/images\\\/s_1.jpg\"},{\"@type\":\"BreadcrumbList\",\"@id\":\"https:\\\/\\\/www.finedata.cz\\\/?page_id=373#breadcrumb\",\"itemListElement\":[{\"@type\":\"ListItem\",\"position\":1,\"name\":\"Dom\u016f\",\"item\":\"https:\\\/\\\/www.finedata.cz\\\/\"},{\"@type\":\"ListItem\",\"position\":2,\"name\":\"Slu\u017eby\"}]},{\"@type\":\"WebSite\",\"@id\":\"https:\\\/\\\/www.finedata.cz\\\/#website\",\"url\":\"https:\\\/\\\/www.finedata.cz\\\/\",\"name\":\"FineData s.r.o.\",\"description\":\"spr\u00e1va s\u00edt\u00ed, konzultace v IT, prodej HW a SW\",\"potentialAction\":[{\"@type\":\"SearchAction\",\"target\":{\"@type\":\"EntryPoint\",\"urlTemplate\":\"https:\\\/\\\/www.finedata.cz\\\/?s={search_term_string}\"},\"query-input\":{\"@type\":\"PropertyValueSpecification\",\"valueRequired\":true,\"valueName\":\"search_term_string\"}}],\"inLanguage\":\"en-US\"}]}<\/script>\n<!-- \/ Yoast SEO plugin. -->","yoast_head_json":{"title":"Slu\u017eby - FineData s.r.o.","robots":{"index":"index","follow":"follow","max-snippet":"max-snippet:-1","max-image-preview":"max-image-preview:large","max-video-preview":"max-video-preview:-1"},"canonical":"https:\/\/www.finedata.cz\/?page_id=373","og_locale":"en_US","og_type":"article","og_title":"Slu\u017eby - FineData s.r.o.","og_description":"Nab\u00edz\u00edme komplexn\u00ed IT slu\u017eby v n\u011bkolika oblastech Spr\u00e1va s\u00edt\u00ed Nab\u00edz\u00edme spr\u00e1vu cel\u00e9 IT infrastruktury. Na\u0161i klienti \u010dasto nebuduj\u00ed vlastn\u00ed IT t\u00fdm a p\u0159enech\u00e1vaj\u00ed kompletn\u00ed starost o s\u00edt\u011b, servery, koncov\u00e9 stanice a periferie na n\u00e1s. V\u00fdhodou je vysok\u00e1 technick\u00e1 odbornost na\u0161ich &hellip; Continue reading &rarr;","og_url":"https:\/\/www.finedata.cz\/?page_id=373","og_site_name":"FineData s.r.o.","article_modified_time":"2024-04-08T07:57:54+00:00","og_image":[{"url":"https:\/\/finedata.cz\/wp-content\/themes\/finetema2\/images\/s_1.jpg","type":"","width":"","height":""}],"twitter_card":"summary_large_image","twitter_misc":{"Est. reading time":"3 minutes"},"schema":{"@context":"https:\/\/schema.org","@graph":[{"@type":"WebPage","@id":"https:\/\/www.finedata.cz\/?page_id=373","url":"https:\/\/www.finedata.cz\/?page_id=373","name":"Slu\u017eby - FineData s.r.o.","isPartOf":{"@id":"https:\/\/www.finedata.cz\/#website"},"primaryImageOfPage":{"@id":"https:\/\/www.finedata.cz\/?page_id=373#primaryimage"},"image":{"@id":"https:\/\/www.finedata.cz\/?page_id=373#primaryimage"},"thumbnailUrl":"https:\/\/finedata.cz\/wp-content\/themes\/finetema2\/images\/s_1.jpg","datePublished":"2015-09-01T07:58:21+00:00","dateModified":"2024-04-08T07:57:54+00:00","breadcrumb":{"@id":"https:\/\/www.finedata.cz\/?page_id=373#breadcrumb"},"inLanguage":"en-US","potentialAction":[{"@type":"ReadAction","target":["https:\/\/www.finedata.cz\/?page_id=373"]}]},{"@type":"ImageObject","inLanguage":"en-US","@id":"https:\/\/www.finedata.cz\/?page_id=373#primaryimage","url":"https:\/\/finedata.cz\/wp-content\/themes\/finetema2\/images\/s_1.jpg","contentUrl":"https:\/\/finedata.cz\/wp-content\/themes\/finetema2\/images\/s_1.jpg"},{"@type":"BreadcrumbList","@id":"https:\/\/www.finedata.cz\/?page_id=373#breadcrumb","itemListElement":[{"@type":"ListItem","position":1,"name":"Dom\u016f","item":"https:\/\/www.finedata.cz\/"},{"@type":"ListItem","position":2,"name":"Slu\u017eby"}]},{"@type":"WebSite","@id":"https:\/\/www.finedata.cz\/#website","url":"https:\/\/www.finedata.cz\/","name":"FineData s.r.o.","description":"spr\u00e1va s\u00edt\u00ed, konzultace v IT, prodej HW a SW","potentialAction":[{"@type":"SearchAction","target":{"@type":"EntryPoint","urlTemplate":"https:\/\/www.finedata.cz\/?s={search_term_string}"},"query-input":{"@type":"PropertyValueSpecification","valueRequired":true,"valueName":"search_term_string"}}],"inLanguage":"en-US"}]}},"_links":{"self":[{"href":"https:\/\/www.finedata.cz\/index.php?rest_route=\/wp\/v2\/pages\/373","targetHints":{"allow":["GET"]}}],"collection":[{"href":"https:\/\/www.finedata.cz\/index.php?rest_route=\/wp\/v2\/pages"}],"about":[{"href":"https:\/\/www.finedata.cz\/index.php?rest_route=\/wp\/v2\/types\/page"}],"author":[{"embeddable":true,"href":"https:\/\/www.finedata.cz\/index.php?rest_route=\/wp\/v2\/users\/3"}],"replies":[{"embeddable":true,"href":"https:\/\/www.finedata.cz\/index.php?rest_route=%2Fwp%2Fv2%2Fcomments&post=373"}],"version-history":[{"count":4,"href":"https:\/\/www.finedata.cz\/index.php?rest_route=\/wp\/v2\/pages\/373\/revisions"}],"predecessor-version":[{"id":31888,"href":"https:\/\/www.finedata.cz\/index.php?rest_route=\/wp\/v2\/pages\/373\/revisions\/31888"}],"wp:attachment":[{"href":"https:\/\/www.finedata.cz\/index.php?rest_route=%2Fwp%2Fv2%2Fmedia&parent=373"}],"curies":[{"name":"wp","href":"https:\/\/api.w.org\/{rel}","templated":true}]}}